{"id":20233,"date":"2023-10-03T11:49:45","date_gmt":"2023-10-03T11:49:45","guid":{"rendered":"http:\/\/silbarrios.com\/superpoders\/"},"modified":"2023-10-11T15:31:45","modified_gmt":"2023-10-11T15:31:45","slug":"superpoders","status":"publish","type":"page","link":"https:\/\/silbarrios.com\/ca\/superpoders\/","title":{"rendered":"Superpoders"},"content":{"rendered":"\t\t<div data-elementor-type=\"wp-page\" data-elementor-id=\"20233\" class=\"elementor elementor-20233 elementor-19842\">\n\t\t\t\t\t\t\t\t\t<section class=\"elementor-section elementor-top-section elementor-element elementor-element-73b52e1 elementor-section-boxed elementor-section-height-default elementor-section-height-default sc_fly_static\" data-id=\"73b52e1\" data-element_type=\"section\">\n\t\t\t\t\t\t<div class=\"elementor-container elementor-column-gap-extended\">\n\t\t\t\t\t<div class=\"elementor-column elementor-col-100 elementor-top-column elementor-element elementor-element-12290e0 sc_inner_width_none sc_content_align_inherit sc_layouts_column_icons_position_left sc_fly_static\" data-id=\"12290e0\" data-element_type=\"column\">\n\t\t\t<div class=\"elementor-widget-wrap elementor-element-populated\">\n\t\t\t\t\t\t\t\t<div class=\"elementor-element elementor-element-8bdfbb1 sc_fly_static elementor-widget elementor-widget-heading\" data-id=\"8bdfbb1\" data-element_type=\"widget\" data-widget_type=\"heading.default\">\n\t\t\t\t<div class=\"elementor-widget-container\">\n\t\t\t<h2 class=\"elementor-heading-title elementor-size-default\">Com vas de superpoders?<\/h2>\t\t<\/div>\n\t\t\t\t<\/div>\n\t\t\t\t\t<\/div>\n\t\t<\/div>\n\t\t\t\t\t\t\t<\/div>\n\t\t<\/section>\n\t\t\t\t<section class=\"elementor-section elementor-top-section elementor-element elementor-element-fdd3c11 elementor-section-boxed elementor-section-height-default elementor-section-height-default sc_fly_static\" data-id=\"fdd3c11\" data-element_type=\"section\">\n\t\t\t\t\t\t<div class=\"elementor-container elementor-column-gap-extended\">\n\t\t\t\t\t<div class=\"elementor-column elementor-col-50 elementor-top-column elementor-element elementor-element-4c80cd9 sc_inner_width_none sc_content_align_inherit sc_layouts_column_icons_position_left sc_fly_static\" data-id=\"4c80cd9\" data-element_type=\"column\">\n\t\t\t<div class=\"elementor-widget-wrap\">\n\t\t\t\t\t\t\t\t\t<\/div>\n\t\t<\/div>\n\t\t\t\t<div class=\"elementor-column elementor-col-50 elementor-top-column elementor-element elementor-element-254860f sc_inner_width_none sc_content_align_inherit sc_layouts_column_icons_position_left sc_fly_static\" data-id=\"254860f\" data-element_type=\"column\">\n\t\t\t<div class=\"elementor-widget-wrap elementor-element-populated\">\n\t\t\t\t\t\t\t\t<div class=\"elementor-element elementor-element-a985fc3 sc_fly_static elementor-widget elementor-widget-spacer\" data-id=\"a985fc3\" data-element_type=\"widget\" data-widget_type=\"spacer.default\">\n\t\t\t\t<div class=\"elementor-widget-container\">\n\t\t\t\t\t<div class=\"elementor-spacer\">\n\t\t\t<div class=\"elementor-spacer-inner\"><\/div>\n\t\t<\/div>\n\t\t\t\t<\/div>\n\t\t\t\t<\/div>\n\t\t\t\t<div class=\"elementor-element elementor-element-4b702c7 sc_fly_static elementor-widget elementor-widget-text-editor\" data-id=\"4b702c7\" data-element_type=\"widget\" data-widget_type=\"text-editor.default\">\n\t\t\t\t<div class=\"elementor-widget-container\">\n\t\t\t\t\t\t\t<p>\u00c9s divertit aprendre coses noves, posar-te a prova et mant\u00e9 en forma. Per\u00f2 cal ser realistes: pots confiar els teus projectes a professionals que trauran molt m\u00e9s partit a les teves idees. He treballat en projectes de consultoria, redacci\u00f3, estrat\u00e8gia i disseny i et puc acompanyar en els teus projectes aportant coneixements i col\u00b7laboradors per assolir els teus objectius.<\/p>\n\t\t\t\t\t\t<\/div>\n\t\t\t\t<\/div>\n\t\t\t\t\t<\/div>\n\t\t<\/div>\n\t\t\t\t\t\t\t<\/div>\n\t\t<\/section>\n\t\t\t\t<section class=\"elementor-section elementor-top-section elementor-element elementor-element-49f733c elementor-section-boxed elementor-section-height-default elementor-section-height-default sc_fly_static\" data-id=\"49f733c\" data-element_type=\"section\">\n\t\t\t\t\t\t<div class=\"elementor-container elementor-column-gap-extended\">\n\t\t\t\t\t<div class=\"elementor-column elementor-col-50 elementor-top-column elementor-element elementor-element-0ca22b1 sc_inner_width_none sc_content_align_inherit sc_layouts_column_icons_position_left sc_fly_static\" data-id=\"0ca22b1\" data-element_type=\"column\">\n\t\t\t<div class=\"elementor-widget-wrap elementor-element-populated\">\n\t\t\t\t\t\t\t\t<div class=\"elementor-element elementor-element-cc4ae50 sc_fly_static elementor-widget elementor-widget-spacer\" data-id=\"cc4ae50\" data-element_type=\"widget\" data-widget_type=\"spacer.default\">\n\t\t\t\t<div class=\"elementor-widget-container\">\n\t\t\t\t\t<div class=\"elementor-spacer\">\n\t\t\t<div class=\"elementor-spacer-inner\"><\/div>\n\t\t<\/div>\n\t\t\t\t<\/div>\n\t\t\t\t<\/div>\n\t\t\t\t<div class=\"elementor-element elementor-element-c45359b sc_fly_static elementor-widget elementor-widget-text-editor\" data-id=\"c45359b\" data-element_type=\"widget\" data-widget_type=\"text-editor.default\">\n\t\t\t\t<div class=\"elementor-widget-container\">\n\t\t\t\t\t\t\t<p><strong>La creativitat no \u00e9s opcional.<\/strong><\/p>\n<p>Ja sigui a la fase d&#8217;estrat\u00e8gia oa la de producci\u00f3, no deixo que les bones idees es perdin. No ho s\u00e9 fer d&#8217;una altra manera. I si la idea surt de la meva taula \u00e9s perqu\u00e8 realment hi crec.<\/p>\n\t\t\t\t\t\t<\/div>\n\t\t\t\t<\/div>\n\t\t\t\t\t<\/div>\n\t\t<\/div>\n\t\t\t\t<div class=\"elementor-column elementor-col-50 elementor-top-column elementor-element elementor-element-6ea6e19 sc_inner_width_none sc_content_align_inherit sc_layouts_column_icons_position_left sc_fly_static\" data-id=\"6ea6e19\" data-element_type=\"column\">\n\t\t\t<div class=\"elementor-widget-wrap\">\n\t\t\t\t\t\t\t\t\t<\/div>\n\t\t<\/div>\n\t\t\t\t\t\t\t<\/div>\n\t\t<\/section>\n\t\t\t\t<section class=\"elementor-section elementor-top-section elementor-element elementor-element-9542b14 elementor-section-boxed elementor-section-height-default elementor-section-height-default sc_fly_static\" data-id=\"9542b14\" data-element_type=\"section\">\n\t\t\t\t\t\t<div class=\"elementor-container elementor-column-gap-extended\">\n\t\t\t\t\t<div class=\"elementor-column elementor-col-50 elementor-top-column elementor-element elementor-element-4b450fd sc_inner_width_none sc_content_align_inherit sc_layouts_column_icons_position_left sc_fly_static\" data-id=\"4b450fd\" data-element_type=\"column\">\n\t\t\t<div class=\"elementor-widget-wrap elementor-element-populated\">\n\t\t\t\t\t\t\t\t<div class=\"elementor-element elementor-element-a1e4dbc sc_fly_static elementor-widget elementor-widget-trx_sc_button\" data-id=\"a1e4dbc\" data-element_type=\"widget\" data-widget_type=\"trx_sc_button.default\">\n\t\t\t\t<div class=\"elementor-widget-container\">\n\t\t\t<div\tclass=\"sc_item_button sc_button_wrap\" ><a href=\"mailto:sil@silbarrios.com\" class=\"sc_button sc_button_simple sc_button_size_normal sc_button_icon_left color_style_dark\" ><span class=\"sc_button_text\"><span class=\"sc_button_title\">Tens algun projecte a la vista?<\/span><\/span><\/a><\/div>\t\t<\/div>\n\t\t\t\t<\/div>\n\t\t\t\t\t<\/div>\n\t\t<\/div>\n\t\t\t\t<div class=\"elementor-column elementor-col-50 elementor-top-column elementor-element elementor-element-7232e75 sc_inner_width_none sc_content_align_inherit sc_layouts_column_icons_position_left sc_fly_static\" data-id=\"7232e75\" data-element_type=\"column\">\n\t\t\t<div class=\"elementor-widget-wrap elementor-element-populated\">\n\t\t\t\t\t\t\t\t<div class=\"elementor-element elementor-element-e2e727b sc_fly_static elementor-widget elementor-widget-spacer\" data-id=\"e2e727b\" data-element_type=\"widget\" data-widget_type=\"spacer.default\">\n\t\t\t\t<div class=\"elementor-widget-container\">\n\t\t\t\t\t<div class=\"elementor-spacer\">\n\t\t\t<div class=\"elementor-spacer-inner\"><\/div>\n\t\t<\/div>\n\t\t\t\t<\/div>\n\t\t\t\t<\/div>\n\t\t\t\t<div class=\"elementor-element elementor-element-86a478a animated-slow animation_type_block sc_fly_static elementor-invisible elementor-widget elementor-widget-heading\" data-id=\"86a478a\" data-element_type=\"widget\" data-settings=\"{&quot;_animation&quot;:&quot;bounceInLeft&quot;}\" data-widget_type=\"heading.default\">\n\t\t\t\t<div class=\"elementor-widget-container\">\n\t\t\t<h3 class=\"elementor-heading-title elementor-size-default\">\u201cUn gran pressupost d\u00f3na ales a la creativitat. Per\u00f2 un petit pressupost \u00e9s un repte que no cal menysprear\u201d<\/h3>\t\t<\/div>\n\t\t\t\t<\/div>\n\t\t\t\t<div class=\"elementor-element elementor-element-b213d47 sc_fly_static elementor-widget elementor-widget-spacer\" data-id=\"b213d47\" data-element_type=\"widget\" data-widget_type=\"spacer.default\">\n\t\t\t\t<div class=\"elementor-widget-container\">\n\t\t\t\t\t<div class=\"elementor-spacer\">\n\t\t\t<div class=\"elementor-spacer-inner\"><\/div>\n\t\t<\/div>\n\t\t\t\t<\/div>\n\t\t\t\t<\/div>\n\t\t\t\t<div class=\"elementor-element elementor-element-4178257 sc_fly_static elementor-widget elementor-widget-text-editor\" data-id=\"4178257\" data-element_type=\"widget\" data-widget_type=\"text-editor.default\">\n\t\t\t\t<div class=\"elementor-widget-container\">\n\t\t\t\t\t\t\t<p>L&#8217;objectiu \u00e9s aconseguir que la teva comunicaci\u00f3 sigui not\u00f2ria. D\u00f3na una mica de vertigen? Potser al principi, per\u00f2 tot es basa en l&#8217;an\u00e0lisi pr\u00e8via i la definici\u00f3 d&#8217;una estrat\u00e8gia. Per a una empresa, passar desapercebuda no \u00e9s el m\u00e9s recomanable. Aposta per diferenciar-te, pot portar-te on sempre vas voler anar.<\/p>\n\t\t\t\t\t\t<\/div>\n\t\t\t\t<\/div>\n\t\t\t\t\t<\/div>\n\t\t<\/div>\n\t\t\t\t\t\t\t<\/div>\n\t\t<\/section>\n\t\t\t\t<section class=\"elementor-section elementor-top-section elementor-element elementor-element-6215961 elementor-section-boxed elementor-section-height-default elementor-section-height-default sc_fly_static\" data-id=\"6215961\" data-element_type=\"section\">\n\t\t\t\t\t\t<div class=\"elementor-container elementor-column-gap-extended\">\n\t\t\t\t\t<div class=\"elementor-column elementor-col-50 elementor-top-column elementor-element elementor-element-daaab46 sc_inner_width_none sc_content_align_inherit sc_layouts_column_icons_position_left sc_fly_static\" data-id=\"daaab46\" data-element_type=\"column\">\n\t\t\t<div class=\"elementor-widget-wrap\">\n\t\t\t\t\t\t\t\t\t<\/div>\n\t\t<\/div>\n\t\t\t\t<div class=\"elementor-column elementor-col-50 elementor-top-column elementor-element elementor-element-d31aded sc_inner_width_none sc_content_align_inherit sc_layouts_column_icons_position_left sc_fly_static\" data-id=\"d31aded\" data-element_type=\"column\">\n\t\t\t<div class=\"elementor-widget-wrap\">\n\t\t\t\t\t\t\t\t\t<\/div>\n\t\t<\/div>\n\t\t\t\t\t\t\t<\/div>\n\t\t<\/section>\n\t\t\t\t\t\t\t<\/div>\n\t\t","protected":false},"excerpt":{"rendered":"<p>Com vas de superpoders? \u00c9s divertit aprendre coses noves, posar-te a prova et mant\u00e9 en forma. Per\u00f2 cal ser realistes: pots confiar els teus projectes a professionals que trauran molt&hellip;<\/p>\n","protected":false},"author":1,"featured_media":0,"parent":0,"menu_order":0,"comment_status":"closed","ping_status":"closed","template":"","meta":{"footnotes":""},"class_list":["post-20233","page","type-page","status-publish","hentry"],"_links":{"self":[{"href":"https:\/\/silbarrios.com\/ca\/wp-json\/wp\/v2\/pages\/20233","targetHints":{"allow":["GET"]}}],"collection":[{"href":"https:\/\/silbarrios.com\/ca\/wp-json\/wp\/v2\/pages"}],"about":[{"href":"https:\/\/silbarrios.com\/ca\/wp-json\/wp\/v2\/types\/page"}],"author":[{"embeddable":true,"href":"https:\/\/silbarrios.com\/ca\/wp-json\/wp\/v2\/users\/1"}],"replies":[{"embeddable":true,"href":"https:\/\/silbarrios.com\/ca\/wp-json\/wp\/v2\/comments?post=20233"}],"version-history":[{"count":1,"href":"https:\/\/silbarrios.com\/ca\/wp-json\/wp\/v2\/pages\/20233\/revisions"}],"predecessor-version":[{"id":20234,"href":"https:\/\/silbarrios.com\/ca\/wp-json\/wp\/v2\/pages\/20233\/revisions\/20234"}],"wp:attachment":[{"href":"https:\/\/silbarrios.com\/ca\/wp-json\/wp\/v2\/media?parent=20233"}],"curies":[{"name":"wp","href":"https:\/\/api.w.org\/{rel}","templated":true}]}}